{"id":4450,"date":"2025-05-26T12:29:10","date_gmt":"2025-05-26T16:29:10","guid":{"rendered":"https:\/\/modules.ontarioschooltrustees.org\/?page_id=4450"},"modified":"2025-05-26T12:29:10","modified_gmt":"2025-05-26T16:29:10","slug":"enregistrement-des-webinaires","status":"publish","type":"page","link":"https:\/\/modules.ontarioschooltrustees.org\/fr\/enregistrement-des-webinaires\/","title":{"rendered":"Enregistrement des webinaires"},"content":{"rendered":"\n<div class=\"wp-block-group title-intro-outer fr has-global-padding is-layout-constrained wp-block-group-is-layout-constrained\">\n<div class=\"wp-block-columns title-logo-cols fr is-layout-flex wp-container-core-columns-is-layout-94363411 wp-block-columns-is-layout-flex\" style=\"padding-bottom:var(--wp--preset--spacing--20)\">\n<div class=\"wp-block-column is-vertically-aligned-center title-col fr is-layout-flow wp-block-column-is-layout-flow\" style=\"flex-basis:50%\">\n<h2 class=\"wp-block-heading title fr\">Enregistrement des webinaires<\/h2>\n<\/div>\n\n\n\n<div class=\"wp-block-column logo-col fr is-layout-flow wp-block-column-is-layout-flow\" style=\"flex-basis:50%\">\n<figure class=\"wp-block-image size-full essential-gov-logo fr\"><img loading=\"lazy\" decoding=\"async\" width=\"800\" height=\"200\" src=\"https:\/\/oescmodulesdev.wpenginepowered.com\/wp-content\/uploads\/2025\/03\/Essential-Governance-2025-French-Logo-800x200-1.jpg\" alt=\"Gouvernance essentielle 2025\" class=\"wp-image-981\" style=\"object-fit:cover\" srcset=\"https:\/\/modules.ontarioschooltrustees.org\/wp-content\/uploads\/2025\/03\/Essential-Governance-2025-French-Logo-800x200-1.jpg 800w, https:\/\/modules.ontarioschooltrustees.org\/wp-content\/uploads\/2025\/03\/Essential-Governance-2025-French-Logo-800x200-1-300x75.jpg 300w, https:\/\/modules.ontarioschooltrustees.org\/wp-content\/uploads\/2025\/03\/Essential-Governance-2025-French-Logo-800x200-1-768x192.jpg 768w\" sizes=\"auto, (max-width: 800px) 100vw, 800px\" \/><\/figure>\n<\/div>\n<\/div>\n\n\n\n<div class=\"wp-block-group intro-p fr has-global-padding is-layout-constrained wp-block-group-is-layout-constrained\" style=\"padding-top:var(--wp--preset--spacing--30);padding-bottom:var(--wp--preset--spacing--30)\">\n<p>Dans le cadre du programme de perfectionnement professionnel \u00ab Gouvernance essentielle 2025 \u00bb, la CS\u00c9O, en partenariat avec les associations de conseill\u00e8res et de conseillers scolaires, a \u00e9labor\u00e9 une s\u00e9rie de quatre webinaires de perfectionnement professionnel anim\u00e9s. Ces s\u00e9ances s\u2019appuient sur les apprentissages offerts dans les modules de Gouvernance essentielle.<\/p>\n\n\n\n<p>Les conseill\u00e8res et conseillers scolaires et les directions de l\u2019\u00c9ducation qui n\u2019ont pas pu assister aux s\u00e9ances en direct peuvent visionner les webinaires ici. Le visionnement des webinaires sur ce site Web sera reconnu comme contribuant \u00e0 satisfaire aux exigences du minist\u00e8re de l\u2019\u00c9ducation pour la compl\u00e9tion du programme.<\/p>\n<\/div>\n<\/div>\n\n\n\n<div class=\"wp-block-group query-loop-outer-div has-global-padding is-layout-constrained wp-block-group-is-layout-constrained\">\n<div class=\"wp-block-query is-layout-flow wp-block-query-is-layout-flow\"><ul style=\"padding-top:var(--wp--preset--spacing--40);padding-bottom:var(--wp--preset--spacing--40);padding-left:var(--wp--preset--spacing--30);padding-right:var(--wp--preset--spacing--30);\" class=\"web-vids-post-template wp-block-post-template is-layout-flow wp-block-post-template-is-layout-flow\"><li class=\"wp-block-post post-4425 webinar-video type-webinar-video status-publish format-standard hentry fr-CA\">\n\n<div class=\"wp-block-group webinar-div has-global-padding is-layout-constrained wp-container-core-group-is-layout-d4d92aa3 wp-block-group-is-layout-constrained\" style=\"padding-top:var(--wp--preset--spacing--40);padding-bottom:var(--wp--preset--spacing--40)\"><h4 style=\"text-decoration:underline;\" class=\"has-link-color web-vid-title wp-elements-0c2ab8ef6d714baa1ad3d699160a490f wp-block-post-title has-text-color has-custom-light-black-color\"><a href=\"https:\/\/modules.ontarioschooltrustees.org\/fr\/webinar-video\/web-vid-1\/\" target=\"_self\" >Webinaire 1 : Un engagement communautaire efficace pour promouvoir la r\u00e9ussite des \u00e9l\u00e8ves<\/a><\/h4>\n\n<p class=\"is-acf-field is-text-field web-vid-presentors wp-block-mfb-meta-field-block\"><span class=\"prefix\">Pr\u00e9sent\u00e9 par : <\/span><span class=\"value\">Denis Poirier, Ancien conseiller scolaire et pr\u00e9sident &#8211; CECCE, Guylaine Scherer, Charg\u00e9e de communication et de soutien strat\u00e9gique \u2013 AC\u00c9PO, S\u00e9bastien Lorquet, Avocat partenaire &#8211; Fasken Martineau DuMoulin LLP<\/span><\/p>\n\n<p class=\"is-acf-field is-date_picker-field web-vid-date wp-block-mfb-meta-field-block has-small-font-size\"><span class=\"value\">Mercredi, mai 7, 2025<\/span><\/p>\n\n<\/div>\n\n<\/li><li class=\"wp-block-post post-4435 webinar-video type-webinar-video status-publish format-standard hentry fr-CA\">\n\n<div class=\"wp-block-group webinar-div has-global-padding is-layout-constrained wp-container-core-group-is-layout-d4d92aa3 wp-block-group-is-layout-constrained\" style=\"padding-top:var(--wp--preset--spacing--40);padding-bottom:var(--wp--preset--spacing--40)\"><h4 style=\"text-decoration:underline;\" class=\"has-link-color web-vid-title wp-elements-0c2ab8ef6d714baa1ad3d699160a490f wp-block-post-title has-text-color has-custom-light-black-color\"><a href=\"https:\/\/modules.ontarioschooltrustees.org\/fr\/webinar-video\/web-vid-2\/\" target=\"_self\" >Webinaire 2 : M\u00e9diation et r\u00e9solution de conflits<\/a><\/h4>\n\n<p class=\"is-acf-field is-text-field web-vid-presentors wp-block-mfb-meta-field-block\"><span class=\"prefix\">Pr\u00e9sent\u00e9 par : <\/span><span class=\"value\">Fran\u00e7ois Laperle, Directeur des relations de travail et du d\u00e9veloppement organisationnel &#8211; AC\u00c9PO, V\u00e9ronique-Anne Towner-Sarault, Directrice des relations de travail &#8211; AFOCSC, S\u00e9bastien Lorquet, Avocat partenaire &#8211; Fasken Martineau DuMoulin LLP<\/span><\/p>\n\n<p class=\"is-acf-field is-date_picker-field web-vid-date wp-block-mfb-meta-field-block has-small-font-size\"><span class=\"value\">Mercredi, mai 14, 2025<\/span><\/p>\n\n<\/div>\n\n<\/li><li class=\"wp-block-post post-4913 webinar-video type-webinar-video status-publish format-standard hentry fr-CA\">\n\n<div class=\"wp-block-group webinar-div has-global-padding is-layout-constrained wp-container-core-group-is-layout-d4d92aa3 wp-block-group-is-layout-constrained\" style=\"padding-top:var(--wp--preset--spacing--40);padding-bottom:var(--wp--preset--spacing--40)\"><h4 style=\"text-decoration:underline;\" class=\"has-link-color web-vid-title wp-elements-0c2ab8ef6d714baa1ad3d699160a490f wp-block-post-title has-text-color has-custom-light-black-color\"><a href=\"https:\/\/modules.ontarioschooltrustees.org\/fr\/webinar-video\/web-vid-3\/\" target=\"_self\" >Webinaire 3 : Gestion financi\u00e8re des conseils scolaires<\/a><\/h4>\n\n<p class=\"is-acf-field is-text-field web-vid-presentors wp-block-mfb-meta-field-block\"><span class=\"prefix\">Pr\u00e9sent\u00e9 par : <\/span><span class=\"value\">Jason Rodrique, Surintendant des services corporatifs et tr\u00e9sorier \u2013 CS Viamonde, Cathy Modesto, Consultante<\/span><\/p>\n\n<p class=\"is-acf-field is-date_picker-field web-vid-date wp-block-mfb-meta-field-block has-small-font-size\"><span class=\"value\">Vendredi, mai 23, 2025<\/span><\/p>\n\n<\/div>\n\n<\/li><li class=\"wp-block-post post-5366 webinar-video type-webinar-video status-publish format-standard hentry fr-CA\">\n\n<div class=\"wp-block-group webinar-div has-global-padding is-layout-constrained wp-container-core-group-is-layout-d4d92aa3 wp-block-group-is-layout-constrained\" style=\"padding-top:var(--wp--preset--spacing--40);padding-bottom:var(--wp--preset--spacing--40)\"><h4 style=\"text-decoration:underline;\" class=\"has-link-color web-vid-title wp-elements-0c2ab8ef6d714baa1ad3d699160a490f wp-block-post-title has-text-color has-custom-light-black-color\"><a href=\"https:\/\/modules.ontarioschooltrustees.org\/fr\/webinar-video\/web-vid-4\/\" target=\"_self\" >Webinaire 4 : \u00c9valuation du rendement de la direction de l\u2019\u00e9ducation*<\/a><\/h4>\n\n<p class=\"is-acf-field is-text-field web-vid-presentors wp-block-mfb-meta-field-block\"><span class=\"prefix\">Pr\u00e9sent\u00e9 par : <\/span><span class=\"value\">Fran\u00e7ois Laperle, Directeur des relations de travail et du d\u00e9veloppement organisationnel &#8211; AC\u00c9PO, V\u00e9ronique-Anne Towner-Sarault, Directrice des relations de travail &#8211; AFOCSC, S\u00e9bastien Lorquet, Avocat partenaire &#8211; Fasken Martineau DuMoulin LLP<\/span><\/p>\n\n<p class=\"is-acf-field is-date_picker-field web-vid-date wp-block-mfb-meta-field-block has-small-font-size\"><span class=\"value\">Lundi, juin 2, 2025<\/span><\/p>\n\n<p style=\"font-style:italic;font-weight:300;\" class=\"is-acf-field is-text-field web-vid-note wp-block-mfb-meta-field-block has-small-font-size\"><span class=\"value\">*\u00c0 la demande du minist\u00e8re de l\u2019\u00c9ducation, ce webinaire a \u00e9t\u00e9 con\u00e7u exclusivement pour les conseillers scolaires.<\/span><\/p><\/div>\n\n<\/li><\/ul>\n\n<\/div>\n<\/div>\n","protected":false},"excerpt":{"rendered":"<p>Enregistrement des webinaires Dans le cadre du programme de perfectionnement professionnel \u00ab Gouvernance essentielle 2025 \u00bb, la CS\u00c9O, en partenariat avec les associations de conseill\u00e8res et de conseillers scolaires, a \u00e9labor\u00e9 une s\u00e9rie de quatre webinaires de perfectionnement professionnel anim\u00e9s. Ces s\u00e9ances s\u2019appuient sur les apprentissages offerts dans les modules de Gouvernance essentielle. Les conseill\u00e8res [&hellip;]<\/p>\n","protected":false},"author":3,"featured_media":0,"parent":0,"menu_order":0,"comment_status":"closed","ping_status":"closed","template":"page-no-title","meta":{"_acf_changed":false,"_locale":"fr_CA","_original_post":"https:\/\/modules.ontarioschooltrustees.org\/?page_id=4448","footnotes":""},"class_list":["post-4450","page","type-page","status-publish","hentry","fr-CA"],"acf":[],"mb":[],"featured_image_src":null,"featured_image_src_square":null,"mfb_rest_fields":["title","featured_image_src","featured_image_src_square"],"_links":{"self":[{"href":"https:\/\/modules.ontarioschooltrustees.org\/wp-json\/wp\/v2\/pages\/4450","targetHints":{"allow":["GET"]}}],"collection":[{"href":"https:\/\/modules.ontarioschooltrustees.org\/wp-json\/wp\/v2\/pages"}],"about":[{"href":"https:\/\/modules.ontarioschooltrustees.org\/wp-json\/wp\/v2\/types\/page"}],"author":[{"embeddable":true,"href":"https:\/\/modules.ontarioschooltrustees.org\/wp-json\/wp\/v2\/users\/3"}],"replies":[{"embeddable":true,"href":"https:\/\/modules.ontarioschooltrustees.org\/wp-json\/wp\/v2\/comments?post=4450"}],"version-history":[{"count":0,"href":"https:\/\/modules.ontarioschooltrustees.org\/wp-json\/wp\/v2\/pages\/4450\/revisions"}],"wp:attachment":[{"href":"https:\/\/modules.ontarioschooltrustees.org\/wp-json\/wp\/v2\/media?parent=4450"}],"curies":[{"name":"wp","href":"https:\/\/api.w.org\/{rel}","templated":true}]}}