{"id":60,"date":"2025-01-06T11:11:15","date_gmt":"2025-01-06T16:11:15","guid":{"rendered":"https:\/\/modules.ontarioschooltrustees.org\/?page_id=60"},"modified":"2025-03-25T11:44:03","modified_gmt":"2025-03-25T15:44:03","slug":"commentaires","status":"publish","type":"page","link":"https:\/\/modules.ontarioschooltrustees.org\/fr\/commentaires\/","title":{"rendered":"Commentaires"},"content":{"rendered":"\n<h2 class=\"wp-block-heading has-medium-font-size\"><strong><strong>Nous appr\u00e9cions vos commentaires. Veuillez prendre un moment pour nous faire part de vos commentaires ou questions concernant le programme de perfectionnement professionnel de la CSEO.<\/strong><\/strong><\/h2>\n\n\n<div class=\"wpforms-container wpforms-container-full wpforms-block wpforms-block-ddbef6ba-bae6-4a0c-a172-63e8870e8ea4 feedback wpforms-render-modern\" id=\"wpforms-975\"><form id=\"wpforms-form-975\" class=\"wpforms-validate wpforms-form wpforms-ajax-form\" data-formid=\"975\" method=\"post\" enctype=\"multipart\/form-data\" action=\"\/fr\/wp-json\/wp\/v2\/pages\/60\" data-token=\"11ea03367bf7eb942df283bfd48c8819\" data-token-time=\"1775737963\"><noscript class=\"wpforms-error-noscript\">Please enable JavaScript in your browser to complete this form.<\/noscript><div class=\"wpforms-hidden\" id=\"wpforms-error-noscript\">Please enable JavaScript in your browser to complete this form.<\/div><div class=\"wpforms-field-container\"><div id=\"wpforms-975-field_0-container\" class=\"wpforms-field wpforms-field-name wpforms-one-half wpforms-first\" data-field-id=\"0\"><fieldset><legend class=\"wpforms-field-label\">Nom : <span class=\"wpforms-required-label\" aria-hidden=\"true\">*<\/span><\/legend><div class=\"wpforms-field-row wpforms-field-large\"><div class=\"wpforms-field-row-block wpforms-first wpforms-one-half\"><input type=\"text\" id=\"wpforms-975-field_0\" class=\"wpforms-field-name-first wpforms-field-required\" name=\"wpforms[fields][0][first]\" placeholder=\"Prenom\" aria-errormessage=\"wpforms-975-field_0-error\" required><label for=\"wpforms-975-field_0\" class=\"wpforms-field-sublabel after wpforms-sublabel-hide\">First<\/label><\/div><div class=\"wpforms-field-row-block wpforms-one-half\"><input type=\"text\" id=\"wpforms-975-field_0-last\" class=\"wpforms-field-name-last wpforms-field-required\" name=\"wpforms[fields][0][last]\" placeholder=\"Nom\" aria-errormessage=\"wpforms-975-field_0-last-error\" required><label for=\"wpforms-975-field_0-last\" class=\"wpforms-field-sublabel after wpforms-sublabel-hide\">Last<\/label><\/div><\/div><\/fieldset><\/div><div id=\"wpforms-975-field_5-container\" class=\"wpforms-field wpforms-field-text wpforms-one-half\" data-field-id=\"5\"><label class=\"wpforms-field-label\" for=\"wpforms-975-field_5\">Conseil scolaire :<\/label><input type=\"text\" id=\"wpforms-975-field_5\" class=\"wpforms-field-large\" name=\"wpforms[fields][5]\" aria-errormessage=\"wpforms-975-field_5-error\" ><\/div><div id=\"wpforms-975-field_1-container\" class=\"wpforms-field wpforms-field-email wpforms-one-half wpforms-first\" data-field-id=\"1\"><label class=\"wpforms-field-label\" for=\"wpforms-975-field_1\">Courriel : <span class=\"wpforms-required-label\" aria-hidden=\"true\">*<\/span><\/label><input type=\"email\" id=\"wpforms-975-field_1\" class=\"wpforms-field-large wpforms-field-required\" name=\"wpforms[fields][1]\" spellcheck=\"false\" aria-errormessage=\"wpforms-975-field_1-error\" required><\/div><div id=\"wpforms-975-field_4-container\" class=\"wpforms-field wpforms-field-select wpforms-one-half color-dark select-comment-on wpforms-field-select-style-modern\" data-field-id=\"4\"><label class=\"wpforms-field-label\" for=\"wpforms-975-field_4\">Quel est l\u2019objet de votre commentaire? <span class=\"wpforms-required-label\" aria-hidden=\"true\">*<\/span><\/label><select id=\"wpforms-975-field_4\" class=\"wpforms-field-large wpforms-field-required choicesjs-select\" data-size-class=\"wpforms-field-row wpforms-field-large\" data-search-enabled=\"1\" name=\"wpforms[fields][4]\" required=\"required\"><option value=\"\" class=\"placeholder\" disabled  selected='selected'>&#8211; Veuillez s\u00e9lectionner &#8211;<\/option><option value=\"Certificat d\u2019accomplissement\" >Certificat d\u2019accomplissement<\/option><option value=\"G\u00e9n\u00e9ral\" >G\u00e9n\u00e9ral<\/option><option value=\"Module 1\" >Module 1<\/option><option value=\"Module 2\" >Module 2<\/option><option value=\"Module 3\" >Module 3<\/option><option value=\"Module 4\" >Module 4<\/option><option value=\"Module 5\" >Module 5<\/option><option value=\"Module 6\" >Module 6<\/option><option value=\"Module 7\" >Module 7<\/option><option value=\"Module 8\" >Module 8<\/option><option value=\"Module 9\" >Module 9<\/option><option value=\"Module 10\" >Module 10<\/option><option value=\"Module 11\" >Module 11<\/option><option value=\"Module 12\" >Module 12<\/option><option value=\"Module 13\" >Module 13<\/option><option value=\"Module 14\" >Module 14<\/option><option value=\"Module 15\" >Module 15<\/option><option value=\"Module 16\" >Module 16<\/option><option value=\"Module 17\" >Module 17<\/option><option value=\"Module 18\" >Module 18<\/option><option value=\"Module 19\" >Module 19<\/option><option value=\"Module 20\" >Module 20<\/option><option value=\"Module 21\" >Module 21<\/option><option value=\"Autre\" >Autre<\/option><\/select><\/div><div id=\"wpforms-975-field_2-container\" class=\"wpforms-field wpforms-field-textarea wpforms-one-half wpforms-first\" data-field-id=\"2\"><label class=\"wpforms-field-label\" for=\"wpforms-975-field_2\">Quelles id\u00e9es du module avez-vous trouv\u00e9 les plus utiles?<\/label><textarea id=\"wpforms-975-field_2\" class=\"wpforms-field-large\" name=\"wpforms[fields][2]\" aria-errormessage=\"wpforms-975-field_2-error\" ><\/textarea><\/div><div id=\"wpforms-975-field_6-container\" class=\"wpforms-field wpforms-field-textarea wpforms-one-half\" data-field-id=\"6\"><label class=\"wpforms-field-label\" for=\"wpforms-975-field_6\">Avez-vous trouv\u00e9 que le module \u00e9tait facile \u00e0 comprendre? Sinon, veuillez nous sugg\u00e9rer des moyens de l\u2019am\u00e9liorer.<\/label><textarea id=\"wpforms-975-field_6\" class=\"wpforms-field-large\" name=\"wpforms[fields][6]\" aria-errormessage=\"wpforms-975-field_6-error\" ><\/textarea><\/div><div id=\"wpforms-975-field_8-container\" class=\"wpforms-field wpforms-field-textarea wpforms-one-half wpforms-first\" data-field-id=\"8\"><label class=\"wpforms-field-label\" for=\"wpforms-975-field_8\">Partageriez-vous ce module avec d\u2019autres personnes? Si oui, avec qui?<\/label><textarea id=\"wpforms-975-field_8\" class=\"wpforms-field-large\" name=\"wpforms[fields][8]\" aria-errormessage=\"wpforms-975-field_8-error\" ><\/textarea><\/div><div id=\"wpforms-975-field_9-container\" class=\"wpforms-field wpforms-field-textarea wpforms-one-half\" data-field-id=\"9\"><label class=\"wpforms-field-label\" for=\"wpforms-975-field_9\">Comment comptez-vous utiliser vos nouvelles connaissances dans votre travail de gouvernance d\u2019un conseil scolaire?<\/label><textarea id=\"wpforms-975-field_9\" class=\"wpforms-field-large\" name=\"wpforms[fields][9]\" aria-errormessage=\"wpforms-975-field_9-error\" ><\/textarea><\/div><div id=\"wpforms-975-field_10-container\" class=\"wpforms-field wpforms-field-textarea wpforms-one-half wpforms-first\" data-field-id=\"10\"><label class=\"wpforms-field-label\" for=\"wpforms-975-field_10\">Vous avez constat\u00e9 une erreur ou une omission dans un module ou une ressource? Merci de nous en informer.<\/label><textarea id=\"wpforms-975-field_10\" class=\"wpforms-field-large\" name=\"wpforms[fields][10]\" aria-errormessage=\"wpforms-975-field_10-error\" ><\/textarea><\/div>\t\t<div id=\"wpforms-975-field_3-container\"\n\t\t\tclass=\"wpforms-field wpforms-field-text\"\n\t\t\tdata-field-type=\"text\"\n\t\t\tdata-field-id=\"3\"\n\t\t\t>\n\t\t\t<label class=\"wpforms-field-label\" for=\"wpforms-975-field_3\" >Si comprendre? de<\/label>\n\t\t\t<input type=\"text\" id=\"wpforms-975-field_3\" class=\"wpforms-field-medium\" name=\"wpforms[fields][3]\" >\n\t\t<\/div>\n\t\t<div id=\"wpforms-975-field_11-container\" class=\"wpforms-field wpforms-field-textarea wpforms-one-half\" data-field-id=\"11\"><label class=\"wpforms-field-label\" for=\"wpforms-975-field_11\">Votre avis nous importe. Veuillez nous faire part de tout commentaire additionnel et de toute autre question ou suggestion. Si vous avez besoin d\u2019une aide suppl\u00e9mentaire, laissez-nous savoir ce que nous pourrions faire pour vous.<\/label><textarea id=\"wpforms-975-field_11\" class=\"wpforms-field-large\" name=\"wpforms[fields][11]\" aria-errormessage=\"wpforms-975-field_11-error\" ><\/textarea><\/div><script>\n\t\t\t\t( function() {\n\t\t\t\t\tconst style = document.createElement( 'style' );\n\t\t\t\t\tstyle.appendChild( document.createTextNode( '#wpforms-975-field_3-container { position: absolute !important; overflow: hidden !important; display: inline !important; height: 1px !important; width: 1px !important; z-index: -1000 !important; padding: 0 !important; } #wpforms-975-field_3-container input { visibility: hidden; } #wpforms-conversational-form-page #wpforms-975-field_3-container label { counter-increment: none; }' ) );\n\t\t\t\t\tdocument.head.appendChild( style );\n\t\t\t\t\tdocument.currentScript?.remove();\n\t\t\t\t} )();\n\t\t\t<\/script><\/div><!-- .wpforms-field-container --><div class=\"wpforms-submit-container\" ><input type=\"hidden\" name=\"wpforms[id]\" value=\"975\"><input type=\"hidden\" name=\"page_title\" value=\"\"><input type=\"hidden\" name=\"page_url\" value=\"https:\/\/modules.ontarioschooltrustees.org\/fr\/wp-json\/wp\/v2\/pages\/60\"><input type=\"hidden\" name=\"url_referer\" value=\"\"><button type=\"submit\" name=\"wpforms[submit]\" id=\"wpforms-submit-975\" class=\"wpforms-submit btn-submit-feedback\" data-alt-text=\"Envoi...\" data-submit-text=\"Soumettre\" aria-live=\"assertive\" value=\"wpforms-submit\">Soumettre<\/button><img loading=\"lazy\" decoding=\"async\" src=\"https:\/\/modules.ontarioschooltrustees.org\/wp-content\/plugins\/wpforms-lite\/assets\/images\/submit-spin.svg\" class=\"wpforms-submit-spinner\" style=\"display: none;\" width=\"26\" height=\"26\" alt=\"Loading\"><\/div><\/form><\/div>  <!-- .wpforms-container -->","protected":false},"excerpt":{"rendered":"<p>Nous appr\u00e9cions vos commentaires. Veuillez prendre un moment pour nous faire part de vos commentaires ou questions concernant le programme de perfectionnement professionnel de la CSEO.<\/p>\n","protected":false},"author":3,"featured_media":0,"parent":0,"menu_order":0,"comment_status":"closed","ping_status":"closed","template":"page-no-title","meta":{"_acf_changed":false,"_locale":"fr_CA","_original_post":"https:\/\/modules.ontarioschooltrustees.org\/?page_id=59","footnotes":""},"class_list":["post-60","page","type-page","status-publish","hentry","fr-CA"],"acf":[],"mb":[],"featured_image_src":null,"featured_image_src_square":null,"mfb_rest_fields":["title","featured_image_src","featured_image_src_square"],"_links":{"self":[{"href":"https:\/\/modules.ontarioschooltrustees.org\/wp-json\/wp\/v2\/pages\/60","targetHints":{"allow":["GET"]}}],"collection":[{"href":"https:\/\/modules.ontarioschooltrustees.org\/wp-json\/wp\/v2\/pages"}],"about":[{"href":"https:\/\/modules.ontarioschooltrustees.org\/wp-json\/wp\/v2\/types\/page"}],"author":[{"embeddable":true,"href":"https:\/\/modules.ontarioschooltrustees.org\/wp-json\/wp\/v2\/users\/3"}],"replies":[{"embeddable":true,"href":"https:\/\/modules.ontarioschooltrustees.org\/wp-json\/wp\/v2\/comments?post=60"}],"version-history":[{"count":0,"href":"https:\/\/modules.ontarioschooltrustees.org\/wp-json\/wp\/v2\/pages\/60\/revisions"}],"wp:attachment":[{"href":"https:\/\/modules.ontarioschooltrustees.org\/wp-json\/wp\/v2\/media?parent=60"}],"curies":[{"name":"wp","href":"https:\/\/api.w.org\/{rel}","templated":true}]}}